{"id":6052,"date":"2018-08-21T17:37:49","date_gmt":"2018-08-21T15:37:49","guid":{"rendered":"https:\/\/amp.fr\/maroc\/accueil\/"},"modified":"2026-01-14T15:45:47","modified_gmt":"2026-01-14T14:45:47","slug":"accueil","status":"publish","type":"page","link":"https:\/\/amp.fr\/maroc\/es\/","title":{"rendered":"Accueil"},"content":{"rendered":"","protected":false},"excerpt":{"rendered":"","protected":false},"author":1,"featured_media":0,"parent":0,"menu_order":0,"comment_status":"closed","ping_status":"closed","template":"front-page.php","meta":{"_acf_changed":false,"inline_featured_image":false,"footnotes":""},"class_list":["post-6052","page","type-page","status-publish","hentry"],"acf":[],"yoast_head":"<!-- This site is optimized with the Yoast SEO plugin v26.9 - https:\/\/yoast.com\/product\/yoast-seo-wordpress\/ -->\n<title>Distribuidor de pol\u00edmeros termopl\u00e1sticos | AMP<\/title>\n<meta name=\"description\" content=\"AMP es un reconocido distribuidor de pol\u00edmeros termopl\u00e1sticos, incluidos elast\u00f3meros, poliamidas, tecnopol\u00edmeros, materiales reciclados y Purge.\" \/>\n<meta name=\"robots\" content=\"index, follow, max-snippet:-1, max-image-preview:large, max-video-preview:-1\" \/>\n<link rel=\"canonical\" href=\"https:\/\/amp.fr\/maroc\/es\/\" \/>\n<meta property=\"og:locale\" content=\"es_ES\" \/>\n<meta property=\"og:type\" content=\"article\" \/>\n<meta property=\"og:title\" content=\"Distribuidor de pol\u00edmeros termopl\u00e1sticos | AMP\" \/>\n<meta property=\"og:description\" content=\"AMP es un reconocido distribuidor de pol\u00edmeros termopl\u00e1sticos, incluidos elast\u00f3meros, poliamidas, tecnopol\u00edmeros, materiales reciclados y Purge.\" \/>\n<meta property=\"og:url\" content=\"https:\/\/amp.fr\/maroc\/es\/\" \/>\n<meta property=\"og:site_name\" content=\"AMP Maroc\" \/>\n<meta property=\"article:modified_time\" content=\"2026-01-14T14:45:47+00:00\" \/>\n<meta name=\"twitter:card\" content=\"summary_large_image\" \/>\n<script type=\"application\/ld+json\" class=\"yoast-schema-graph\">{\"@context\":\"https:\/\/schema.org\",\"@graph\":[{\"@type\":\"WebPage\",\"@id\":\"https:\/\/amp.fr\/maroc\/es\/\",\"url\":\"https:\/\/amp.fr\/maroc\/es\/\",\"name\":\"Distribuidor de pol\u00edmeros termopl\u00e1sticos | AMP\",\"isPartOf\":{\"@id\":\"https:\/\/amp.fr\/maroc\/es\/#website\"},\"datePublished\":\"2018-08-21T15:37:49+00:00\",\"dateModified\":\"2026-01-14T14:45:47+00:00\",\"description\":\"AMP es un reconocido distribuidor de pol\u00edmeros termopl\u00e1sticos, incluidos elast\u00f3meros, poliamidas, tecnopol\u00edmeros, materiales reciclados y Purge.\",\"breadcrumb\":{\"@id\":\"https:\/\/amp.fr\/maroc\/es\/#breadcrumb\"},\"inLanguage\":\"es-ES\",\"potentialAction\":[{\"@type\":\"ReadAction\",\"target\":[\"https:\/\/amp.fr\/maroc\/es\/\"]}]},{\"@type\":\"BreadcrumbList\",\"@id\":\"https:\/\/amp.fr\/maroc\/es\/#breadcrumb\",\"itemListElement\":[{\"@type\":\"ListItem\",\"position\":1,\"name\":\"Accueil\",\"item\":\"https:\/\/amp.fr\/maroc\/es\/\"},{\"@type\":\"ListItem\",\"position\":2,\"name\":\"Accueil\"}]},{\"@type\":\"WebSite\",\"@id\":\"https:\/\/amp.fr\/maroc\/es\/#website\",\"url\":\"https:\/\/amp.fr\/maroc\/es\/\",\"name\":\"AMP Maroc\",\"description\":\"Just another WordPress site\",\"potentialAction\":[{\"@type\":\"SearchAction\",\"target\":{\"@type\":\"EntryPoint\",\"urlTemplate\":\"https:\/\/amp.fr\/maroc\/es\/?s={search_term_string}\"},\"query-input\":{\"@type\":\"PropertyValueSpecification\",\"valueRequired\":true,\"valueName\":\"search_term_string\"}}],\"inLanguage\":\"es-ES\"}]}<\/script>\n<!-- \/ Yoast SEO plugin. -->","yoast_head_json":{"title":"Distribuidor de pol\u00edmeros termopl\u00e1sticos | AMP","description":"AMP es un reconocido distribuidor de pol\u00edmeros termopl\u00e1sticos, incluidos elast\u00f3meros, poliamidas, tecnopol\u00edmeros, materiales reciclados y Purge.","robots":{"index":"index","follow":"follow","max-snippet":"max-snippet:-1","max-image-preview":"max-image-preview:large","max-video-preview":"max-video-preview:-1"},"canonical":"https:\/\/amp.fr\/maroc\/es\/","og_locale":"es_ES","og_type":"article","og_title":"Distribuidor de pol\u00edmeros termopl\u00e1sticos | AMP","og_description":"AMP es un reconocido distribuidor de pol\u00edmeros termopl\u00e1sticos, incluidos elast\u00f3meros, poliamidas, tecnopol\u00edmeros, materiales reciclados y Purge.","og_url":"https:\/\/amp.fr\/maroc\/es\/","og_site_name":"AMP Maroc","article_modified_time":"2026-01-14T14:45:47+00:00","twitter_card":"summary_large_image","schema":{"@context":"https:\/\/schema.org","@graph":[{"@type":"WebPage","@id":"https:\/\/amp.fr\/maroc\/es\/","url":"https:\/\/amp.fr\/maroc\/es\/","name":"Distribuidor de pol\u00edmeros termopl\u00e1sticos | AMP","isPartOf":{"@id":"https:\/\/amp.fr\/maroc\/es\/#website"},"datePublished":"2018-08-21T15:37:49+00:00","dateModified":"2026-01-14T14:45:47+00:00","description":"AMP es un reconocido distribuidor de pol\u00edmeros termopl\u00e1sticos, incluidos elast\u00f3meros, poliamidas, tecnopol\u00edmeros, materiales reciclados y Purge.","breadcrumb":{"@id":"https:\/\/amp.fr\/maroc\/es\/#breadcrumb"},"inLanguage":"es-ES","potentialAction":[{"@type":"ReadAction","target":["https:\/\/amp.fr\/maroc\/es\/"]}]},{"@type":"BreadcrumbList","@id":"https:\/\/amp.fr\/maroc\/es\/#breadcrumb","itemListElement":[{"@type":"ListItem","position":1,"name":"Accueil","item":"https:\/\/amp.fr\/maroc\/es\/"},{"@type":"ListItem","position":2,"name":"Accueil"}]},{"@type":"WebSite","@id":"https:\/\/amp.fr\/maroc\/es\/#website","url":"https:\/\/amp.fr\/maroc\/es\/","name":"AMP Maroc","description":"Just another WordPress site","potentialAction":[{"@type":"SearchAction","target":{"@type":"EntryPoint","urlTemplate":"https:\/\/amp.fr\/maroc\/es\/?s={search_term_string}"},"query-input":{"@type":"PropertyValueSpecification","valueRequired":true,"valueName":"search_term_string"}}],"inLanguage":"es-ES"}]}},"_links":{"self":[{"href":"https:\/\/amp.fr\/maroc\/es\/wp-json\/wp\/v2\/pages\/6052","targetHints":{"allow":["GET"]}}],"collection":[{"href":"https:\/\/amp.fr\/maroc\/es\/wp-json\/wp\/v2\/pages"}],"about":[{"href":"https:\/\/amp.fr\/maroc\/es\/wp-json\/wp\/v2\/types\/page"}],"author":[{"embeddable":true,"href":"https:\/\/amp.fr\/maroc\/es\/wp-json\/wp\/v2\/users\/1"}],"replies":[{"embeddable":true,"href":"https:\/\/amp.fr\/maroc\/es\/wp-json\/wp\/v2\/comments?post=6052"}],"version-history":[{"count":34,"href":"https:\/\/amp.fr\/maroc\/es\/wp-json\/wp\/v2\/pages\/6052\/revisions"}],"predecessor-version":[{"id":7007,"href":"https:\/\/amp.fr\/maroc\/es\/wp-json\/wp\/v2\/pages\/6052\/revisions\/7007"}],"wp:attachment":[{"href":"https:\/\/amp.fr\/maroc\/es\/wp-json\/wp\/v2\/media?parent=6052"}],"curies":[{"name":"wp","href":"https:\/\/api.w.org\/{rel}","templated":true}]}}