{"id":9,"date":"2018-08-21T17:37:49","date_gmt":"2018-08-21T15:37:49","guid":{"rendered":"https:\/\/amp.fr\/iberia?page_id=9"},"modified":"2026-03-18T13:21:18","modified_gmt":"2026-03-18T12:21:18","slug":"bienvenida","status":"publish","type":"page","link":"https:\/\/amp.fr\/iberia\/","title":{"rendered":"Bienvenida"},"content":{"rendered":"","protected":false},"excerpt":{"rendered":"","protected":false},"author":1,"featured_media":0,"parent":0,"menu_order":0,"comment_status":"closed","ping_status":"closed","template":"front-page.php","meta":{"_acf_changed":false,"inline_featured_image":false,"_monsterinsights_skip_tracking":false,"_monsterinsights_sitenote_active":false,"_monsterinsights_sitenote_note":"","_monsterinsights_sitenote_category":0,"footnotes":""},"class_list":["post-9","page","type-page","status-publish","hentry"],"acf":[],"yoast_head":"<!-- This site is optimized with the Yoast SEO plugin v26.9 - https:\/\/yoast.com\/product\/yoast-seo-wordpress\/ -->\n<title>Distribuidor de pol\u00edmeros termopl\u00e1sticos | AMP Alpha Mati\u00e8res Plastiques<\/title>\n<meta name=\"description\" content=\"AMP es un distribuidor de pol\u00edmeros termopl\u00e1sticos reconocido para la distribuci\u00f3n de elast\u00f3meros, poliamidas, tecnopol\u00edmeros, materiales reciclados y Purge.\" \/>\n<meta name=\"robots\" content=\"index, follow, max-snippet:-1, max-image-preview:large, max-video-preview:-1\" \/>\n<link rel=\"canonical\" href=\"https:\/\/amp.fr\/iberia\/\" \/>\n<meta property=\"og:locale\" content=\"es_ES\" \/>\n<meta property=\"og:type\" content=\"article\" \/>\n<meta property=\"og:title\" content=\"Distribuidor de pol\u00edmeros termopl\u00e1sticos | AMP Alpha Mati\u00e8res Plastiques\" \/>\n<meta property=\"og:description\" content=\"AMP es un distribuidor de pol\u00edmeros termopl\u00e1sticos reconocido para la distribuci\u00f3n de elast\u00f3meros, poliamidas, tecnopol\u00edmeros, materiales reciclados y Purge.\" \/>\n<meta property=\"og:url\" content=\"https:\/\/amp.fr\/iberia\/\" \/>\n<meta property=\"og:site_name\" content=\"AMP IBERIA\" \/>\n<meta property=\"article:modified_time\" content=\"2026-03-18T12:21:18+00:00\" \/>\n<meta name=\"twitter:card\" content=\"summary_large_image\" \/>\n<script type=\"application\/ld+json\" class=\"yoast-schema-graph\">{\"@context\":\"https:\/\/schema.org\",\"@graph\":[{\"@type\":\"WebPage\",\"@id\":\"https:\/\/amp.fr\/iberia\/\",\"url\":\"https:\/\/amp.fr\/iberia\/\",\"name\":\"Distribuidor de pol\u00edmeros termopl\u00e1sticos | AMP Alpha Mati\u00e8res Plastiques\",\"isPartOf\":{\"@id\":\"https:\/\/amp.fr\/iberia\/#website\"},\"datePublished\":\"2018-08-21T15:37:49+00:00\",\"dateModified\":\"2026-03-18T12:21:18+00:00\",\"description\":\"AMP es un distribuidor de pol\u00edmeros termopl\u00e1sticos reconocido para la distribuci\u00f3n de elast\u00f3meros, poliamidas, tecnopol\u00edmeros, materiales reciclados y Purge.\",\"breadcrumb\":{\"@id\":\"https:\/\/amp.fr\/iberia\/#breadcrumb\"},\"inLanguage\":\"es-ES\",\"potentialAction\":[{\"@type\":\"ReadAction\",\"target\":[\"https:\/\/amp.fr\/iberia\/\"]}]},{\"@type\":\"BreadcrumbList\",\"@id\":\"https:\/\/amp.fr\/iberia\/#breadcrumb\",\"itemListElement\":[{\"@type\":\"ListItem\",\"position\":1,\"name\":\"Accueil\",\"item\":\"https:\/\/amp.fr\/iberia\/\"},{\"@type\":\"ListItem\",\"position\":2,\"name\":\"Bienvenida\"}]},{\"@type\":\"WebSite\",\"@id\":\"https:\/\/amp.fr\/iberia\/#website\",\"url\":\"https:\/\/amp.fr\/iberia\/\",\"name\":\"AMP IBERIA\",\"description\":\"AMP FOR SPAIN\",\"potentialAction\":[{\"@type\":\"SearchAction\",\"target\":{\"@type\":\"EntryPoint\",\"urlTemplate\":\"https:\/\/amp.fr\/iberia\/?s={search_term_string}\"},\"query-input\":{\"@type\":\"PropertyValueSpecification\",\"valueRequired\":true,\"valueName\":\"search_term_string\"}}],\"inLanguage\":\"es-ES\"}]}<\/script>\n<!-- \/ Yoast SEO plugin. -->","yoast_head_json":{"title":"Distribuidor de pol\u00edmeros termopl\u00e1sticos | AMP Alpha Mati\u00e8res Plastiques","description":"AMP es un distribuidor de pol\u00edmeros termopl\u00e1sticos reconocido para la distribuci\u00f3n de elast\u00f3meros, poliamidas, tecnopol\u00edmeros, materiales reciclados y Purge.","robots":{"index":"index","follow":"follow","max-snippet":"max-snippet:-1","max-image-preview":"max-image-preview:large","max-video-preview":"max-video-preview:-1"},"canonical":"https:\/\/amp.fr\/iberia\/","og_locale":"es_ES","og_type":"article","og_title":"Distribuidor de pol\u00edmeros termopl\u00e1sticos | AMP Alpha Mati\u00e8res Plastiques","og_description":"AMP es un distribuidor de pol\u00edmeros termopl\u00e1sticos reconocido para la distribuci\u00f3n de elast\u00f3meros, poliamidas, tecnopol\u00edmeros, materiales reciclados y Purge.","og_url":"https:\/\/amp.fr\/iberia\/","og_site_name":"AMP IBERIA","article_modified_time":"2026-03-18T12:21:18+00:00","twitter_card":"summary_large_image","schema":{"@context":"https:\/\/schema.org","@graph":[{"@type":"WebPage","@id":"https:\/\/amp.fr\/iberia\/","url":"https:\/\/amp.fr\/iberia\/","name":"Distribuidor de pol\u00edmeros termopl\u00e1sticos | AMP Alpha Mati\u00e8res Plastiques","isPartOf":{"@id":"https:\/\/amp.fr\/iberia\/#website"},"datePublished":"2018-08-21T15:37:49+00:00","dateModified":"2026-03-18T12:21:18+00:00","description":"AMP es un distribuidor de pol\u00edmeros termopl\u00e1sticos reconocido para la distribuci\u00f3n de elast\u00f3meros, poliamidas, tecnopol\u00edmeros, materiales reciclados y Purge.","breadcrumb":{"@id":"https:\/\/amp.fr\/iberia\/#breadcrumb"},"inLanguage":"es-ES","potentialAction":[{"@type":"ReadAction","target":["https:\/\/amp.fr\/iberia\/"]}]},{"@type":"BreadcrumbList","@id":"https:\/\/amp.fr\/iberia\/#breadcrumb","itemListElement":[{"@type":"ListItem","position":1,"name":"Accueil","item":"https:\/\/amp.fr\/iberia\/"},{"@type":"ListItem","position":2,"name":"Bienvenida"}]},{"@type":"WebSite","@id":"https:\/\/amp.fr\/iberia\/#website","url":"https:\/\/amp.fr\/iberia\/","name":"AMP IBERIA","description":"AMP FOR SPAIN","potentialAction":[{"@type":"SearchAction","target":{"@type":"EntryPoint","urlTemplate":"https:\/\/amp.fr\/iberia\/?s={search_term_string}"},"query-input":{"@type":"PropertyValueSpecification","valueRequired":true,"valueName":"search_term_string"}}],"inLanguage":"es-ES"}]}},"_links":{"self":[{"href":"https:\/\/amp.fr\/iberia\/wp-json\/wp\/v2\/pages\/9","targetHints":{"allow":["GET"]}}],"collection":[{"href":"https:\/\/amp.fr\/iberia\/wp-json\/wp\/v2\/pages"}],"about":[{"href":"https:\/\/amp.fr\/iberia\/wp-json\/wp\/v2\/types\/page"}],"author":[{"embeddable":true,"href":"https:\/\/amp.fr\/iberia\/wp-json\/wp\/v2\/users\/1"}],"replies":[{"embeddable":true,"href":"https:\/\/amp.fr\/iberia\/wp-json\/wp\/v2\/comments?post=9"}],"version-history":[{"count":190,"href":"https:\/\/amp.fr\/iberia\/wp-json\/wp\/v2\/pages\/9\/revisions"}],"predecessor-version":[{"id":6870,"href":"https:\/\/amp.fr\/iberia\/wp-json\/wp\/v2\/pages\/9\/revisions\/6870"}],"wp:attachment":[{"href":"https:\/\/amp.fr\/iberia\/wp-json\/wp\/v2\/media?parent=9"}],"curies":[{"name":"wp","href":"https:\/\/api.w.org\/{rel}","templated":true}]}}