{"id":298,"date":"2018-10-05T17:03:52","date_gmt":"2018-10-05T15:03:52","guid":{"rendered":"https:\/\/amp.fr\/iberia\/?page_id=298"},"modified":"2025-02-20T10:28:51","modified_gmt":"2025-02-20T09:28:51","slug":"purga","status":"publish","type":"page","link":"https:\/\/amp.fr\/iberia\/purga\/","title":{"rendered":"Purga"},"content":{"rendered":"","protected":false},"excerpt":{"rendered":"","protected":false},"author":1,"featured_media":0,"parent":0,"menu_order":0,"comment_status":"closed","ping_status":"closed","template":"template-purges.php","meta":{"_acf_changed":false,"inline_featured_image":false,"_monsterinsights_skip_tracking":false,"_monsterinsights_sitenote_active":false,"_monsterinsights_sitenote_note":"","_monsterinsights_sitenote_category":0,"footnotes":""},"class_list":["post-298","page","type-page","status-publish","hentry"],"acf":[],"yoast_head":"<!-- This site is optimized with the Yoast SEO plugin v26.9 - https:\/\/yoast.com\/product\/yoast-seo-wordpress\/ -->\n<title>PURGEX - COMPUESTO DE PURGA | AMP IBERIA<\/title>\n<meta name=\"description\" content=\"PURGEX es un compuesto de purga multiuso, adecuado para la limpieza de todos los termopl\u00e1sticos de productos b\u00e1sicos y t\u00e9cnicos.\" \/>\n<meta name=\"robots\" content=\"index, follow, max-snippet:-1, max-image-preview:large, max-video-preview:-1\" \/>\n<link rel=\"canonical\" href=\"https:\/\/amp.fr\/iberia\/purga\/\" \/>\n<meta property=\"og:locale\" content=\"es_ES\" \/>\n<meta property=\"og:type\" content=\"article\" \/>\n<meta property=\"og:title\" content=\"PURGEX - COMPUESTO DE PURGA | AMP IBERIA\" \/>\n<meta property=\"og:description\" content=\"PURGEX es un compuesto de purga multiuso, adecuado para la limpieza de todos los termopl\u00e1sticos de productos b\u00e1sicos y t\u00e9cnicos.\" \/>\n<meta property=\"og:url\" content=\"https:\/\/amp.fr\/iberia\/purga\/\" \/>\n<meta property=\"og:site_name\" content=\"AMP IBERIA\" \/>\n<meta property=\"article:modified_time\" content=\"2025-02-20T09:28:51+00:00\" \/>\n<meta name=\"twitter:card\" content=\"summary_large_image\" \/>\n<script type=\"application\/ld+json\" class=\"yoast-schema-graph\">{\"@context\":\"https:\/\/schema.org\",\"@graph\":[{\"@type\":\"WebPage\",\"@id\":\"https:\/\/amp.fr\/iberia\/purga\/\",\"url\":\"https:\/\/amp.fr\/iberia\/purga\/\",\"name\":\"PURGEX - COMPUESTO DE PURGA | AMP IBERIA\",\"isPartOf\":{\"@id\":\"https:\/\/amp.fr\/iberia\/#website\"},\"datePublished\":\"2018-10-05T15:03:52+00:00\",\"dateModified\":\"2025-02-20T09:28:51+00:00\",\"description\":\"PURGEX es un compuesto de purga multiuso, adecuado para la limpieza de todos los termopl\u00e1sticos de productos b\u00e1sicos y t\u00e9cnicos.\",\"breadcrumb\":{\"@id\":\"https:\/\/amp.fr\/iberia\/purga\/#breadcrumb\"},\"inLanguage\":\"es-ES\",\"potentialAction\":[{\"@type\":\"ReadAction\",\"target\":[\"https:\/\/amp.fr\/iberia\/purga\/\"]}]},{\"@type\":\"BreadcrumbList\",\"@id\":\"https:\/\/amp.fr\/iberia\/purga\/#breadcrumb\",\"itemListElement\":[{\"@type\":\"ListItem\",\"position\":1,\"name\":\"Accueil\",\"item\":\"https:\/\/amp.fr\/iberia\/\"},{\"@type\":\"ListItem\",\"position\":2,\"name\":\"Purga\"}]},{\"@type\":\"WebSite\",\"@id\":\"https:\/\/amp.fr\/iberia\/#website\",\"url\":\"https:\/\/amp.fr\/iberia\/\",\"name\":\"AMP IBERIA\",\"description\":\"AMP FOR SPAIN\",\"potentialAction\":[{\"@type\":\"SearchAction\",\"target\":{\"@type\":\"EntryPoint\",\"urlTemplate\":\"https:\/\/amp.fr\/iberia\/?s={search_term_string}\"},\"query-input\":{\"@type\":\"PropertyValueSpecification\",\"valueRequired\":true,\"valueName\":\"search_term_string\"}}],\"inLanguage\":\"es-ES\"}]}<\/script>\n<!-- \/ Yoast SEO plugin. -->","yoast_head_json":{"title":"PURGEX - COMPUESTO DE PURGA | AMP IBERIA","description":"PURGEX es un compuesto de purga multiuso, adecuado para la limpieza de todos los termopl\u00e1sticos de productos b\u00e1sicos y t\u00e9cnicos.","robots":{"index":"index","follow":"follow","max-snippet":"max-snippet:-1","max-image-preview":"max-image-preview:large","max-video-preview":"max-video-preview:-1"},"canonical":"https:\/\/amp.fr\/iberia\/purga\/","og_locale":"es_ES","og_type":"article","og_title":"PURGEX - COMPUESTO DE PURGA | AMP IBERIA","og_description":"PURGEX es un compuesto de purga multiuso, adecuado para la limpieza de todos los termopl\u00e1sticos de productos b\u00e1sicos y t\u00e9cnicos.","og_url":"https:\/\/amp.fr\/iberia\/purga\/","og_site_name":"AMP IBERIA","article_modified_time":"2025-02-20T09:28:51+00:00","twitter_card":"summary_large_image","schema":{"@context":"https:\/\/schema.org","@graph":[{"@type":"WebPage","@id":"https:\/\/amp.fr\/iberia\/purga\/","url":"https:\/\/amp.fr\/iberia\/purga\/","name":"PURGEX - COMPUESTO DE PURGA | AMP IBERIA","isPartOf":{"@id":"https:\/\/amp.fr\/iberia\/#website"},"datePublished":"2018-10-05T15:03:52+00:00","dateModified":"2025-02-20T09:28:51+00:00","description":"PURGEX es un compuesto de purga multiuso, adecuado para la limpieza de todos los termopl\u00e1sticos de productos b\u00e1sicos y t\u00e9cnicos.","breadcrumb":{"@id":"https:\/\/amp.fr\/iberia\/purga\/#breadcrumb"},"inLanguage":"es-ES","potentialAction":[{"@type":"ReadAction","target":["https:\/\/amp.fr\/iberia\/purga\/"]}]},{"@type":"BreadcrumbList","@id":"https:\/\/amp.fr\/iberia\/purga\/#breadcrumb","itemListElement":[{"@type":"ListItem","position":1,"name":"Accueil","item":"https:\/\/amp.fr\/iberia\/"},{"@type":"ListItem","position":2,"name":"Purga"}]},{"@type":"WebSite","@id":"https:\/\/amp.fr\/iberia\/#website","url":"https:\/\/amp.fr\/iberia\/","name":"AMP IBERIA","description":"AMP FOR SPAIN","potentialAction":[{"@type":"SearchAction","target":{"@type":"EntryPoint","urlTemplate":"https:\/\/amp.fr\/iberia\/?s={search_term_string}"},"query-input":{"@type":"PropertyValueSpecification","valueRequired":true,"valueName":"search_term_string"}}],"inLanguage":"es-ES"}]}},"_links":{"self":[{"href":"https:\/\/amp.fr\/iberia\/wp-json\/wp\/v2\/pages\/298","targetHints":{"allow":["GET"]}}],"collection":[{"href":"https:\/\/amp.fr\/iberia\/wp-json\/wp\/v2\/pages"}],"about":[{"href":"https:\/\/amp.fr\/iberia\/wp-json\/wp\/v2\/types\/page"}],"author":[{"embeddable":true,"href":"https:\/\/amp.fr\/iberia\/wp-json\/wp\/v2\/users\/1"}],"replies":[{"embeddable":true,"href":"https:\/\/amp.fr\/iberia\/wp-json\/wp\/v2\/comments?post=298"}],"version-history":[{"count":50,"href":"https:\/\/amp.fr\/iberia\/wp-json\/wp\/v2\/pages\/298\/revisions"}],"predecessor-version":[{"id":6790,"href":"https:\/\/amp.fr\/iberia\/wp-json\/wp\/v2\/pages\/298\/revisions\/6790"}],"wp:attachment":[{"href":"https:\/\/amp.fr\/iberia\/wp-json\/wp\/v2\/media?parent=298"}],"curies":[{"name":"wp","href":"https:\/\/api.w.org\/{rel}","templated":true}]}}